{"id":10,"date":"2021-09-14T14:45:31","date_gmt":"2021-09-14T14:45:31","guid":{"rendered":"https:\/\/mariotonin.me\/?page_id=10"},"modified":"2022-08-28T09:46:12","modified_gmt":"2022-08-28T09:46:12","slug":"about-me","status":"publish","type":"page","link":"https:\/\/mariotonin.me\/fr\/about-me\/","title":{"rendered":"Qui suis-je"},"content":{"rendered":"<p>Hi! I am Mario Tonin, an optical system architect based in Neuch\u00e2tel, Switzerland, with 10 years of experience in optics and photonics, both in a research and in an industrial setting. I especially enjoy working on complex tasks in a laboratory where extreme precision is required.<\/p>\n\n\n\n<p>Ce qui me motive le plus est d'identifier de nouvelles technologies dans mon domaine et de les adapter pour une utilisation industrielle, en cr\u00e9ant de nouvelles proc\u00e9dures et en optimisant les flux de proc\u00e9d\u00e9s  pour cr\u00e9er de nouveaux produits de haute pr\u00e9cisions ou pour aider d'autres personnes \u00e0 cr\u00e9er ces produits.<\/p>\n\n\n\n<p>J'ai d\u00e9cid\u00e9 de faire ce site afin de partager avec le monde entier certaines choses que je trouve int\u00e9ressant. En partie parce que j'aime expliquer ce que je sais, mais aussi parce que j'aime toujours apprendre de nouvelles choses. Et je dois avouer que faire mon propre site \u00e9tait une chose que je voulais exp\u00e9rimenter depuis longtemps. Je pense aussi que documenter mes pens\u00e9es et connaissances pourrait \u00eatre utile pour certaines personnes. En fin de compte, je suppose que je souhaite simplement contribuer en bien \u00e0 l'internet apr\u00e8s toutes ces ann\u00e9es, et ajouter \u00e0 l'\u00e9difice.<\/p>\n\n\n\n<h2 class=\"wp-block-heading\"><a href=\"https:\/\/mariotonin.me\/fr\/cv\/\" data-type=\"page\" data-id=\"85\">CV<\/a><\/h2>\n\n\n\n<h2 class=\"wp-block-heading\"><a href=\"https:\/\/mariotonin.me\/fr\/publications\/\" data-type=\"page\" data-id=\"117\">Publications<\/a><\/h2>","protected":false},"excerpt":{"rendered":"<p>Hi! I am Mario Tonin, an optical system architect based in Neuch\u00e2tel, Switzerland, with 10 years of experience in optics and photonics, both in a research and in an industrial setting. I especially enjoy working on complex tasks in a laboratory where extreme precision is required. My main drive is to identify promising new technologies in my field and adapt them to an industrial setting, creating new procedures and optimizing the process flows to create new high precision products or help people create those products. I decided to do this website as a way to share with the world a &hellip; <\/p>","protected":false},"author":1,"featured_media":0,"parent":0,"menu_order":0,"comment_status":"closed","ping_status":"closed","template":"","meta":{"_coblocks_attr":"","_coblocks_dimensions":"","_coblocks_responsive_height":"","_coblocks_accordion_ie_support":"","_monsterinsights_skip_tracking":false,"_monsterinsights_sitenote_active":false,"_monsterinsights_sitenote_note":"","_monsterinsights_sitenote_category":0,"footnotes":""},"class_list":["post-10","page","type-page","status-publish","hentry"],"aioseo_notices":[],"_links":{"self":[{"href":"https:\/\/mariotonin.me\/fr\/wp-json\/wp\/v2\/pages\/10","targetHints":{"allow":["GET"]}}],"collection":[{"href":"https:\/\/mariotonin.me\/fr\/wp-json\/wp\/v2\/pages"}],"about":[{"href":"https:\/\/mariotonin.me\/fr\/wp-json\/wp\/v2\/types\/page"}],"author":[{"embeddable":true,"href":"https:\/\/mariotonin.me\/fr\/wp-json\/wp\/v2\/users\/1"}],"replies":[{"embeddable":true,"href":"https:\/\/mariotonin.me\/fr\/wp-json\/wp\/v2\/comments?post=10"}],"version-history":[{"count":22,"href":"https:\/\/mariotonin.me\/fr\/wp-json\/wp\/v2\/pages\/10\/revisions"}],"predecessor-version":[{"id":555,"href":"https:\/\/mariotonin.me\/fr\/wp-json\/wp\/v2\/pages\/10\/revisions\/555"}],"wp:attachment":[{"href":"https:\/\/mariotonin.me\/fr\/wp-json\/wp\/v2\/media?parent=10"}],"curies":[{"name":"wp","href":"https:\/\/api.w.org\/{rel}","templated":true}]}}