{"id":117,"date":"2021-09-16T13:29:58","date_gmt":"2021-09-16T13:29:58","guid":{"rendered":"https:\/\/mariotonin.me\/?page_id=117"},"modified":"2022-05-22T13:58:31","modified_gmt":"2022-05-22T13:58:31","slug":"publications","status":"publish","type":"page","link":"https:\/\/mariotonin.me\/fr\/publications\/","title":{"rendered":"Publications"},"content":{"rendered":"<p>Ci-dessous se trouve la liste de toutes mes publications dans des journaux peer-reviewed et pour des conf\u00e9rences. La plupart fait pendant mes ann\u00e9es de doctorat...<\/p>\n\n\n\n<p class=\"translation-block\">Si ces papiers ne sont pas en acc\u00e8s libre, vous pouvez toujours utiliser <a href=\"https:\/\/sci-hub.se\/\" data-type=\"URL\" data-id=\"https:\/\/sci-hub.se\/\" target=\"_self\">sci-hub<\/a> pour les t\u00e9l\u00e9charger en utilisant le titre en entier ou le num\u00e9ro doi de l'article.<\/p>\n\n\n\n<div class=\"wp-block-buttons is-content-justification-center is-layout-flex wp-container-core-buttons-is-layout-16018d1d wp-block-buttons-is-layout-flex\">\n<div class=\"wp-block-button\"><a class=\"wp-block-button__link has-white-color has-text-color has-background\" href=\"https:\/\/mariotonin.me\/fr\/download-publication-list\/\" style=\"background-color:#0081cb\">Download the list in PDF format<\/a><\/div>\n<\/div>\n\n\n\n<hr class=\"wp-block-separator is-style-dots\"\/>\n\n\n\n<h2 class=\"wp-block-heading\">2017 &#8211; <a href=\"https:\/\/scholar.google.com\/citations?view_op=view_citation&amp;hl=en&amp;user=5WH3EmEAAAAJ&amp;sortby=pubdate&amp;citation_for_view=5WH3EmEAAAAJ:Se3iqnhoufwC\" target=\"_blank\" rel=\"noreferrer noopener\">Resonant Optical Trapping in Microfluidic-Integrated Hollow Photonic Crystal Cavities<\/a><\/h2>\n\n\n\n<p><em>Nano-Optics: Principles Enabling Basic Research and Applications<\/em><\/p>\n\n\n\n<h2 class=\"wp-block-heading\">2016 &#8211; <a href=\"https:\/\/scholar.google.com\/citations?view_op=view_citation&amp;hl=en&amp;user=5WH3EmEAAAAJ&amp;sortby=pubdate&amp;citation_for_view=5WH3EmEAAAAJ:roLk4NBRz8UC\" data-type=\"URL\" data-id=\"https:\/\/scholar.google.com\/citations?view_op=view_citation&amp;hl=en&amp;user=5WH3EmEAAAAJ&amp;sortby=pubdate&amp;citation_for_view=5WH3EmEAAAAJ:roLk4NBRz8UC\" target=\"_blank\" rel=\"noreferrer noopener\"><\/a><a href=\"https:\/\/scholar.google.com\/citations?view_op=view_citation&amp;hl=en&amp;user=5WH3EmEAAAAJ&amp;sortby=pubdate&amp;citation_for_view=5WH3EmEAAAAJ:roLk4NBRz8UC\"><\/a><a href=\"https:\/\/scholar.google.com\/citations?view_op=view_citation&amp;hl=en&amp;user=5WH3EmEAAAAJ&amp;sortby=pubdate&amp;citation_for_view=5WH3EmEAAAAJ:roLk4NBRz8UC\">Thermal fluctuation analysis of singly optically trapped spheres in hollow photonic crystal cavities<\/a><\/h2>\n\n\n\n<p><em>Applied Physics Letters<\/em><\/p>\n\n\n\n<h2 class=\"wp-block-heading\">2016 &#8211; <a href=\"https:\/\/scholar.google.com\/citations?view_op=view_citation&amp;hl=en&amp;user=5WH3EmEAAAAJ&amp;sortby=pubdate&amp;citation_for_view=5WH3EmEAAAAJ:WF5omc3nYNoC\" data-type=\"URL\" data-id=\"https:\/\/scholar.google.com\/citations?view_op=view_citation&amp;hl=en&amp;user=5WH3EmEAAAAJ&amp;sortby=pubdate&amp;citation_for_view=5WH3EmEAAAAJ:WF5omc3nYNoC\" target=\"_blank\" rel=\"noreferrer noopener\">Hybrid PDMS\/glass microfluidics for high resolution imaging and application to sub-wavelength particle trapping<\/a><\/h2>\n\n\n\n<p><em>Lab on a chip<\/em><\/p>\n\n\n\n<h2 class=\"wp-block-heading\">2014 &#8211; <a href=\"https:\/\/scholar.google.com\/citations?view_op=view_citation&amp;hl=en&amp;user=5WH3EmEAAAAJ&amp;sortby=pubdate&amp;citation_for_view=5WH3EmEAAAAJ:d1gkVwhDpl0C\" data-type=\"URL\" data-id=\"https:\/\/scholar.google.com\/citations?view_op=view_citation&amp;hl=en&amp;user=5WH3EmEAAAAJ&amp;sortby=pubdate&amp;citation_for_view=5WH3EmEAAAAJ:d1gkVwhDpl0C\" target=\"_blank\" rel=\"noreferrer noopener\">High-Q silicon photonic crystal cavity for enhanced optical nonlinearities<\/a><\/h2>\n\n\n\n<p><em>Applied Physics Letters<\/em><\/p>\n\n\n\n<h2 class=\"wp-block-heading\">2013 &#8211; <a href=\"https:\/\/scholar.google.com\/citations?view_op=view_citation&amp;hl=en&amp;user=5WH3EmEAAAAJ&amp;sortby=pubdate&amp;citation_for_view=5WH3EmEAAAAJ:u5HHmVD_uO8C\" target=\"_blank\" rel=\"noreferrer noopener\">Observation of backaction and self-induced trapping in a planar hollow photonic crystal cavity<\/a><\/h2>\n\n\n\n<p><em>Physical Review Letters<\/em><\/p>\n\n\n\n<h2 class=\"wp-block-heading\">2013 &#8211; <a href=\"https:\/\/scholar.google.com\/citations?view_op=view_citation&amp;hl=en&amp;user=5WH3EmEAAAAJ&amp;sortby=pubdate&amp;citation_for_view=5WH3EmEAAAAJ:u-x6o8ySG0sC\">Single particle detection, manipulation and analysis with resonant optical trapping in photonic crystals<\/a><\/h2>\n\n\n\n<p><em>Lab on a Chip<\/em><\/p>\n\n\n\n<h2 class=\"wp-block-heading\">2012 &#8211; <a href=\"https:\/\/scholar.google.com\/citations?view_op=view_citation&amp;hl=en&amp;user=5WH3EmEAAAAJ&amp;sortby=pubdate&amp;citation_for_view=5WH3EmEAAAAJ:qjMakFHDy7sC\">Frequency conversion from IR to UV of high peak power ultrafast fiber amplifier<\/a><\/h2>\n\n\n\n<p><em>Fiber Laser Application<\/em><\/p>\n\n\n\n<h2 class=\"wp-block-heading\">2010 &#8211; <a href=\"https:\/\/scholar.google.com\/citations?view_op=view_citation&amp;hl=en&amp;user=5WH3EmEAAAAJ&amp;cstart=20&amp;pagesize=80&amp;sortby=pubdate&amp;citation_for_view=5WH3EmEAAAAJ:2osOgNQ5qMEC\">Electrophoretic mobility of a growing cell studied by photonic force microscope<\/a><\/h2>\n\n\n\n<p><em>Applied Physics Letters<\/em><\/p>","protected":false},"excerpt":{"rendered":"<p>This is a list of all my publications in peer reviewed journals and conference journals, most of them done in my PhD years&#8230; If the papers are not open access, remember that you can use sci-hub to download them using the title, or the doi number. 2017 &#8211; Resonant Optical Trapping in Microfluidic-Integrated Hollow Photonic Crystal Cavities Nano-Optics: Principles Enabling Basic Research and Applications 2016 &#8211; Thermal fluctuation analysis of singly optically trapped spheres in hollow photonic crystal cavities Applied Physics Letters 2016 &#8211; Hybrid PDMS\/glass microfluidics for high resolution imaging and application to sub-wavelength particle trapping Lab on a &hellip; <\/p>","protected":false},"author":1,"featured_media":0,"parent":0,"menu_order":0,"comment_status":"closed","ping_status":"closed","template":"","meta":{"_coblocks_attr":"","_coblocks_dimensions":"","_coblocks_responsive_height":"","_coblocks_accordion_ie_support":"","_monsterinsights_skip_tracking":false,"_monsterinsights_sitenote_active":false,"_monsterinsights_sitenote_note":"","_monsterinsights_sitenote_category":0,"footnotes":""},"class_list":["post-117","page","type-page","status-publish","hentry"],"aioseo_notices":[],"_links":{"self":[{"href":"https:\/\/mariotonin.me\/fr\/wp-json\/wp\/v2\/pages\/117","targetHints":{"allow":["GET"]}}],"collection":[{"href":"https:\/\/mariotonin.me\/fr\/wp-json\/wp\/v2\/pages"}],"about":[{"href":"https:\/\/mariotonin.me\/fr\/wp-json\/wp\/v2\/types\/page"}],"author":[{"embeddable":true,"href":"https:\/\/mariotonin.me\/fr\/wp-json\/wp\/v2\/users\/1"}],"replies":[{"embeddable":true,"href":"https:\/\/mariotonin.me\/fr\/wp-json\/wp\/v2\/comments?post=117"}],"version-history":[{"count":8,"href":"https:\/\/mariotonin.me\/fr\/wp-json\/wp\/v2\/pages\/117\/revisions"}],"predecessor-version":[{"id":443,"href":"https:\/\/mariotonin.me\/fr\/wp-json\/wp\/v2\/pages\/117\/revisions\/443"}],"wp:attachment":[{"href":"https:\/\/mariotonin.me\/fr\/wp-json\/wp\/v2\/media?parent=117"}],"curies":[{"name":"wp","href":"https:\/\/api.w.org\/{rel}","templated":true}]}}