{"id":42,"date":"2021-09-15T11:14:40","date_gmt":"2021-09-15T11:14:40","guid":{"rendered":"https:\/\/mariotonin.me\/?page_id=42"},"modified":"2021-09-17T14:07:49","modified_gmt":"2021-09-17T14:07:49","slug":"categories","status":"publish","type":"page","link":"https:\/\/mariotonin.me\/fr\/categories\/","title":{"rendered":"Cat\u00e9gories"},"content":{"rendered":"<p>Voici une liste de certains de mes int\u00e9r\u00eats... <\/p>\n\n\n\n<div style=\"height:48px\" aria-hidden=\"true\" class=\"wp-block-spacer\"><\/div>\n\n\n\n<h2 class=\"wp-block-heading\"><a href=\"https:\/\/mariotonin.me\/fr\/optics-photonics\/\" data-type=\"page\" data-id=\"80\">Optique &amp; Photonique<\/a><\/h2>\n\n\n\n<p>En rapport avec les lasers, syst\u00e8mes optique et tout ce qui \u00e0 un rapport avec la lumi\u00e8re de pr\u00e8s ou de loin.<\/p>\n\n\n\n<p><\/p>\n\n\n\n<h2 class=\"wp-block-heading\"><a href=\"https:\/\/mariotonin.me\/fr\/general-physics-and-maths\/\" data-type=\"page\" data-id=\"146\">Physique &amp; Math\u00e9matiques<\/a><\/h2>\n\n\n\n<p>Du mat\u00e9riel en physique et en math que j'ai pu enseigner (en tant que doctorant et assistant de cours) \u00e0 l'EPFL.<\/p>\n\n\n\n<h2 class=\"wp-block-heading\"><a href=\"https:\/\/mariotonin.me\/fr\/astronomy-and-space\/\" data-type=\"page\" data-id=\"151\">Astronomie &amp; Espace<\/a><\/h2>\n\n\n\n<p>J'y suis int\u00e9ress\u00e9 depuis que j'ai 6 ans... C'est une passion de longue dur\u00e9e pour moi.<\/p>\n\n\n\n<h2 class=\"wp-block-heading\"><a href=\"https:\/\/mariotonin.me\/fr\/programming\/\" data-type=\"page\" data-id=\"159\">Programmation<\/a><\/h2>\n\n\n\n<p>Contenu qui est principalement du Python, qui est mon language pr\u00e9f\u00e9r\u00e9 actuellement... Il se peut que j'y mette aussi du C++, HTML ou du CSS. J'esp\u00e8re aussi y mettre aussi du contenu en rapport avec de l'open source que je soutient.<\/p>\n\n\n\n<h2 class=\"wp-block-heading\"><a href=\"https:\/\/mariotonin.me\/fr\/photography\/\" data-type=\"page\" data-id=\"156\">Photographie<\/a><\/h2>\n\n\n\n<p>Section pour tout ce qui est li\u00e9 \u00e0 la photographie, de mes propres photos \u00e0 des astuces Gimp, en passant par des tutorials pour aider les gens \u00e0 mieux comprendre les d\u00e9tails techniques.<\/p>\n\n\n\n<h2 class=\"wp-block-heading\"><a href=\"https:\/\/mariotonin.me\/fr\/miscellaneous\/\" data-type=\"page\" data-id=\"163\">Miscellaneous.<\/a><\/h2>\n\n\n\n<p>Cette section contient mes opinions sur diff\u00e9rents sujets, et n'engagent que moi. J'y inclurai du contenu sur l'enseignement, la nutrition, le management, le sport, la philosophie, les news, et autre...<\/p>","protected":false},"excerpt":{"rendered":"<p>These are just a few of my interests&#8230; Optics &amp; Photonics Anything related to lasers, optical systems and really anything involving a photon at some point or another. General Physics &amp; Maths Some stuff related to physics that I used to teach (as a PhD student, not a professor) at EPFL. Astronomy &amp; Space I have been looking at the stars since I&#8217;m 6&#8230; It&#8217;s sort of a life long passion to me. Programming Stuff that is mostly Python related, as this is my favorite language&#8230; There might also be some C++, HTML or CSS in the mix. I am &hellip; <\/p>","protected":false},"author":1,"featured_media":0,"parent":0,"menu_order":0,"comment_status":"closed","ping_status":"closed","template":"","meta":{"_coblocks_attr":"","_coblocks_dimensions":"","_coblocks_responsive_height":"","_coblocks_accordion_ie_support":"","_monsterinsights_skip_tracking":false,"_monsterinsights_sitenote_active":false,"_monsterinsights_sitenote_note":"","_monsterinsights_sitenote_category":0,"footnotes":""},"class_list":["post-42","page","type-page","status-publish","hentry"],"aioseo_notices":[],"_links":{"self":[{"href":"https:\/\/mariotonin.me\/fr\/wp-json\/wp\/v2\/pages\/42","targetHints":{"allow":["GET"]}}],"collection":[{"href":"https:\/\/mariotonin.me\/fr\/wp-json\/wp\/v2\/pages"}],"about":[{"href":"https:\/\/mariotonin.me\/fr\/wp-json\/wp\/v2\/types\/page"}],"author":[{"embeddable":true,"href":"https:\/\/mariotonin.me\/fr\/wp-json\/wp\/v2\/users\/1"}],"replies":[{"embeddable":true,"href":"https:\/\/mariotonin.me\/fr\/wp-json\/wp\/v2\/comments?post=42"}],"version-history":[{"count":18,"href":"https:\/\/mariotonin.me\/fr\/wp-json\/wp\/v2\/pages\/42\/revisions"}],"predecessor-version":[{"id":165,"href":"https:\/\/mariotonin.me\/fr\/wp-json\/wp\/v2\/pages\/42\/revisions\/165"}],"wp:attachment":[{"href":"https:\/\/mariotonin.me\/fr\/wp-json\/wp\/v2\/media?parent=42"}],"curies":[{"name":"wp","href":"https:\/\/api.w.org\/{rel}","templated":true}]}}