{"id":85,"date":"2021-09-16T10:09:10","date_gmt":"2021-09-16T10:09:10","guid":{"rendered":"https:\/\/mariotonin.me\/?page_id=85"},"modified":"2022-10-23T06:37:31","modified_gmt":"2022-10-23T06:37:31","slug":"cv","status":"publish","type":"page","link":"https:\/\/mariotonin.me\/fr\/cv\/","title":{"rendered":"CV"},"content":{"rendered":"<div class=\"wp-block-buttons is-content-justification-center is-layout-flex wp-container-core-buttons-is-layout-16018d1d wp-block-buttons-is-layout-flex\">\n<div class=\"wp-block-button\"><a class=\"wp-block-button__link has-white-color has-text-color has-background\" href=\"https:\/\/mariotonin.me\/fr\/download-cv\/\" style=\"background-color:#0081cb\">Download my CV in PDF format<\/a><\/div>\n<\/div>\n\n\n\n<hr class=\"wp-block-separator has-css-opacity is-style-dots\"\/>\n\n\n\n<h2 class=\"wp-block-heading\">Exp\u00e9rience professionnelle<\/h2>\n\n\n\n<h3 class=\"wp-block-heading\">2016 &#8211; Now : Boegli Gravures SA<\/h3>\n\n\n\n<p><strong>Project Manager R&amp;D<\/strong>, bas\u00e9 \u00e0 Neuch\u00e2tel, Suisse<\/p>\n\n\n\n<ul class=\"wp-block-list\"><li>Conception de nouveaux chemins optique pour des machines de gravure laser utilisant de lasers femtosecondes et picosecondes<\/li><li>Installation, ajustement et alignement des chemins optique sur les machines de gravure laser<\/li><li>Impl\u00e9mentation de techniques d'optique digitale, de modulateur spatiaux de lumi\u00e8re et d\u2019hologrammes g\u00e9n\u00e9r\u00e9s par ordinateurs pour la gravure laser<\/li><li>Calcul d'hologrammes g\u00e9n\u00e9r\u00e9s par ordinateurs avec algorithmes Python cod\u00e9s pour l'application<\/li><li>Codage d'un pr\u00e9processeur et d'un g\u00e9n\u00e9rateur de code-G pour une machine prototype de gravure laser pour un contr\u00f4leur AEROTECH, en utilisant Python et C++.<\/li><li>D\u00e9veloppement d'un processus de projection de masque utilisant un laser excimer pour la gravure de Diamond Like Carbon<\/li><li>Gestion du d\u00e9veloppement en partenariat avec une universit\u00e9 d'un dispositif d'auto-focalisation bas\u00e9 sur de l'interf\u00e9rence \u00e0 lumi\u00e8re faiblement coh\u00e9rente<\/li><li>Ecriture de plusieurs Brevets<\/li><li>Organisation du serveur de R&amp;D et impl\u00e9mentation d'une base de conaissance<\/li><li>Photographie de produits pour des pr\u00e9sentations clients   <\/li><\/ul>\n\n\n\n<h3 class=\"wp-block-heading\">2011 &#8211; 2015 : Ecole Polytechnique F\u00e9d\u00e9rale de Lausanne (EPFL)<\/h3>\n\n\n\n<p><strong>Doctorant - Assistant<\/strong>, bas\u00e9 \u00e0 Lausanne, Suisse<\/p>\n\n\n\n<ul class=\"wp-block-list\"><li>Sujet de doctorat: Pi\u00e9geage optique dans des cavit\u00e9s photoniques creuses et analyse du mouvement de nanoparticules pi\u00e9g\u00e9es<\/li><li>D\u00e9veloppement et simulation de cristaux photoniques avec COMSOL et programmes Matlab<\/li><li>Fabrication d'\u00e9chantillons de cristaux photoniques<\/li><li>D\u00e9veloppement de puces microfluidiques hybrides PDMS\/verre<\/li><li>Fabrication de puces microfluidiques<\/li><li>Conduite d'exp\u00e9riences dans un laboratoire optique<\/li><li>Assistant de cours en physique de premi\u00e8re, seconde et troisi\u00e8me ann\u00e9es de Bachelor \u00e0 l'EPFL, \u00e9criture d'exercices<\/li><li>Assistant de cours en optique quantique pour des \u00e9tudiants de Master \u00e0 l'EPFL<\/li><li>Nombreuses pr\u00e9sentations \u00e0 des conf\u00e9rences internationales sur mes sujets de recherche pour la pr\u00e9sentation de mes r\u00e9sultats<\/li><\/ul>\n\n\n\n<h3 class=\"wp-block-heading\">2011 : Amplitude Systems<\/h3>\n\n\n\n<p>6 mois <strong>Internship<\/strong>, based in Bordeaux, France<\/p>\n\n\n\n<ul class=\"wp-block-list\"><li>Simulation d'optique non-lin\u00e9aire<\/li><li>Optimisation de convertisseur de fr\u00e9quence pour la g\u00e9n\u00e9ration de seconde, troisi\u00e8me et quatri\u00e8me harmonique de lasers femtosecondes<\/li><li>Assemblage et r\u00e9glage de module de conversion de fr\u00e9quence et de sources laser<\/li><\/ul>\n\n\n\n<hr class=\"wp-block-separator has-css-opacity\"\/>\n\n\n\n<h2 class=\"wp-block-heading\">Education - Dipl\u00f4mes<\/h2>\n\n\n\n<h3 class=\"wp-block-heading\">2015 : Doctorat en Photonique<\/h3>\n\n\n\n<p>Ecole Polytechnique F\u00e9d\u00e9rale de Lausanne<\/p>\n\n\n\n<h3 class=\"wp-block-heading\">2011 : Dipl\u00f4me d'ing\u00e9nieur, sp\u00e9cialit\u00e9 photonique<\/h3>\n\n\n\n<p>T\u00e9l\u00e9com Physique Strasbourg<\/p>\n\n\n\n<h3 class=\"wp-block-heading\">2011 : Master en nanophotonique<\/h3>\n\n\n\n<p>Universit\u00e9 de Strasbourg<\/p>\n\n\n\n<hr class=\"wp-block-separator has-css-opacity\"\/>\n\n\n\n<h2 class=\"wp-block-heading\">Comp\u00e9tences<\/h2>\n\n\n\n<h3 class=\"wp-block-heading\">Technique - Optique<\/h3>\n\n\n\n<div class=\"wp-block-columns is-layout-flex wp-container-core-columns-is-layout-9d6595d7 wp-block-columns-is-layout-flex\">\n<div class=\"wp-block-column is-layout-flow wp-block-column-is-layout-flow\">\n<ul class=\"wp-block-list\"><li>Lasers puls\u00e9s ultra-rapide<\/li><li>Conception de chemins optique<\/li><li>Gravure laser<\/li><li>Polissage laser<\/li><\/ul>\n<\/div>\n\n\n\n<div class=\"wp-block-column is-layout-flow wp-block-column-is-layout-flow\">\n<ul class=\"wp-block-list\"><li>Optique digitale<\/li><li>Elements diffractifs<\/li><li>Hologrammes g\u00e9n\u00e9r\u00e9s par ordinateurs<\/li><\/ul>\n\n\n\n<p><\/p>\n<\/div>\n\n\n\n<div class=\"wp-block-column is-layout-flow wp-block-column-is-layout-flow\">\n<ul class=\"wp-block-list\"><li>Fibre optique<\/li><li>Interf\u00e9rometrie<\/li><li>Microscopie optique<\/li><\/ul>\n<\/div>\n<\/div>\n\n\n\n<h3 class=\"wp-block-heading\">Technique - Micro et Nano-fabrication<\/h3>\n\n\n\n<div class=\"wp-block-columns is-layout-flex wp-container-core-columns-is-layout-9d6595d7 wp-block-columns-is-layout-flex\">\n<div class=\"wp-block-column is-layout-flow wp-block-column-is-layout-flow\">\n<ul class=\"wp-block-list\"><li>Photonique sur silicium<\/li><li>Microscopie \u00e0 force atomique<\/li><li>Lithographie \u00e9lectronique<\/li><\/ul>\n\n\n\n<p><\/p>\n<\/div>\n\n\n\n<div class=\"wp-block-column is-layout-flow wp-block-column-is-layout-flow\">\n<ul class=\"wp-block-list\"><li>Lithographie UV - Projection de masque<\/li><li>Microfluidique<\/li><li>Microscope \u00e9lectronique - EDX<\/li><\/ul>\n<\/div>\n<\/div>\n\n\n\n<h3 class=\"wp-block-heading\">Technique - informatique<\/h3>\n\n\n\n<div class=\"wp-block-columns is-layout-flex wp-container-core-columns-is-layout-9d6595d7 wp-block-columns-is-layout-flex\">\n<div class=\"wp-block-column is-layout-flow wp-block-column-is-layout-flow\">\n<ul class=\"wp-block-list\"><li>Word &#8211; Excel &#8211; Powerpoint &#8211; Outlook<\/li><li>Python &#8211; Matplotlib, Numpy, Scipy, OpenCV2<\/li><li>Autodesk Inventor<\/li><li>VirtualLab Fusion, Zemax Optics Studio<\/li><\/ul>\n\n\n\n<p><\/p>\n<\/div>\n\n\n\n<div class=\"wp-block-column is-layout-flow wp-block-column-is-layout-flow\">\n<ul class=\"wp-block-list\"><li>Windows, MacOs et Linux<\/li><li>Labview<\/li><li>Connaissances en HTML, CSS, C, C++, C#, Kotlin<\/li><li>Gimp, Inkscape, Shotcut<\/li><\/ul>\n<\/div>\n<\/div>\n\n\n\n<h3 class=\"wp-block-heading\">Langues<\/h3>\n\n\n\n<ul class=\"wp-block-list\"><li>Fran\u00e7ais - natif<\/li><li>Anglais - bilingue (C2)<\/li><li>Allemand - professionnel (B2)<\/li><\/ul>\n\n\n\n<p><\/p>","protected":false},"excerpt":{"rendered":"<p>Career History 2016 &#8211; Now : Boegli Gravures SA Project Manager R&amp;D, based in Neuch\u00e2tel, Switzerland Design of new optical paths for laser engraving machines using femtosecond and picosecond lasers Setting up, adjustment and alignment of the optical paths on laser engraving machines Implementation of Digital optics, Spatial Light Modulators and Computer Generated Holograms for laser engraving Computing Computer Generated Hologram using a custom made Python algorithm Coding of a preprocessor and G-Code generator for custom made laser machining prototype with AEROTECH axes controller in Python and C++ Developing a process for Mask projection with an excimer laser and engraving &hellip; <\/p>","protected":false},"author":1,"featured_media":0,"parent":0,"menu_order":0,"comment_status":"closed","ping_status":"closed","template":"","meta":{"_coblocks_attr":"","_coblocks_dimensions":"","_coblocks_responsive_height":"","_coblocks_accordion_ie_support":"","_monsterinsights_skip_tracking":false,"_monsterinsights_sitenote_active":false,"_monsterinsights_sitenote_note":"","_monsterinsights_sitenote_category":0,"footnotes":""},"class_list":["post-85","page","type-page","status-publish","hentry"],"aioseo_notices":[],"_links":{"self":[{"href":"https:\/\/mariotonin.me\/fr\/wp-json\/wp\/v2\/pages\/85","targetHints":{"allow":["GET"]}}],"collection":[{"href":"https:\/\/mariotonin.me\/fr\/wp-json\/wp\/v2\/pages"}],"about":[{"href":"https:\/\/mariotonin.me\/fr\/wp-json\/wp\/v2\/types\/page"}],"author":[{"embeddable":true,"href":"https:\/\/mariotonin.me\/fr\/wp-json\/wp\/v2\/users\/1"}],"replies":[{"embeddable":true,"href":"https:\/\/mariotonin.me\/fr\/wp-json\/wp\/v2\/comments?post=85"}],"version-history":[{"count":24,"href":"https:\/\/mariotonin.me\/fr\/wp-json\/wp\/v2\/pages\/85\/revisions"}],"predecessor-version":[{"id":631,"href":"https:\/\/mariotonin.me\/fr\/wp-json\/wp\/v2\/pages\/85\/revisions\/631"}],"wp:attachment":[{"href":"https:\/\/mariotonin.me\/fr\/wp-json\/wp\/v2\/media?parent=85"}],"curies":[{"name":"wp","href":"https:\/\/api.w.org\/{rel}","templated":true}]}}